{"id":5601,"date":"2023-09-02T08:40:24","date_gmt":"2023-09-02T08:40:24","guid":{"rendered":"https:\/\/easylooting.de\/?page_id=5601"},"modified":"2023-09-04T11:04:27","modified_gmt":"2023-09-04T11:04:27","slug":"impressum","status":"publish","type":"page","link":"https:\/\/dexter-international.com\/en\/impressum\/","title":{"rendered":"Imprint"},"content":{"rendered":"<div data-elementor-type=\"wp-page\" data-elementor-id=\"5601\" class=\"elementor elementor-5601\" data-elementor-post-type=\"page\">\n\t\t\t\t\t\t<section class=\"elementor-section elementor-top-section elementor-element elementor-element-f71dfb8 elementor-section-boxed elementor-section-height-default elementor-section-height-default\" data-id=\"f71dfb8\" data-element_type=\"section\" data-settings=\"{&quot;background_background&quot;:&quot;classic&quot;,&quot;jet_parallax_layout_list&quot;:[]}\">\n\t\t\t\t\t\t\t<div class=\"elementor-background-overlay\"><\/div>\n\t\t\t\t\t\t\t<div class=\"elementor-container elementor-column-gap-default\">\n\t\t\t\t\t<div class=\"elementor-column elementor-col-100 elementor-top-column elementor-element elementor-element-8cdecc5\" data-id=\"8cdecc5\" data-element_type=\"column\">\n\t\t\t<div class=\"elementor-widget-wrap elementor-element-populated\">\n\t\t\t\t\t\t<div class=\"elementor-element elementor-element-134540a elementor-widget elementor-widget-heading\" data-id=\"134540a\" data-element_type=\"widget\" data-widget_type=\"heading.default\">\n\t\t\t\t<div class=\"elementor-widget-container\">\n\t\t\t\t\t<h1 class=\"elementor-heading-title elementor-size-default\">Imprint<\/h1>\t\t\t\t<\/div>\n\t\t\t\t<\/div>\n\t\t\t\t\t<\/div>\n\t\t<\/div>\n\t\t\t\t\t<\/div>\n\t\t<\/section>\n\t\t\t\t<section class=\"elementor-section elementor-top-section elementor-element elementor-element-bcef34c elementor-section-boxed elementor-section-height-default elementor-section-height-default\" data-id=\"bcef34c\" data-element_type=\"section\" data-settings=\"{&quot;jet_parallax_layout_list&quot;:[]}\">\n\t\t\t\t\t\t<div class=\"elementor-container elementor-column-gap-default\">\n\t\t\t\t\t<div class=\"elementor-column elementor-col-100 elementor-top-column elementor-element elementor-element-48a9af3\" data-id=\"48a9af3\" data-element_type=\"column\">\n\t\t\t<div class=\"elementor-widget-wrap elementor-element-populated\">\n\t\t\t\t\t\t<div class=\"elementor-element elementor-element-4b89757 elementor-widget elementor-widget-text-editor\" data-id=\"4b89757\" data-element_type=\"widget\" data-widget_type=\"text-editor.default\">\n\t\t\t\t<div class=\"elementor-widget-container\">\n\t\t\t\t\t\t\t\t\t<h2>Information according to \u00a7 5 TMG<\/h2><p>Dexter International GmbH<br \/>Colmarer Street 5<br \/>60528 Frankfurt<br \/><br \/>Commercial register: HRB 104751<br \/>Register court: Frankfurt am Main<br \/><br \/><\/p><p><strong>Represented by:<\/strong><br \/>Sanam Motiee<br \/><br \/><\/p><h2>Contact<\/h2><p>Phone: +49 69 80884011<br \/>E-mail: careers@dexter-international.com<br \/><br \/><\/p><h2>VAT ID<\/h2><p>Sales tax identification number pursuant to \u00a7 27 a of the German Sales Tax Act:<br \/>DE 292730470<br \/><br \/><\/p><h2>EU dispute resolution<\/h2><p>The European Commission provides a platform for online dispute resolution (ODR): <a href=\"https:\/\/ec.europa.eu\/consumers\/odr\/\" target=\"_blank\" rel=\"noopener noreferrer\">https:\/\/ec.europa.eu\/consumers\/odr\/<\/a>.<br \/>You can find our e-mail address in the imprint above.<br \/><br \/><\/p><h2>Consumer Dispute Resolution\/Universal Arbitration Board<\/h2><p>We are not willing or obliged to participate in dispute resolution proceedings before a consumer arbitration board.<br \/><br \/><\/p><h2>Luxembourg headquarters<\/h2><p>Dexter International S.\u00e0 r.l. <br \/>5, Heienhaff<br \/>1736 Senningerberg<br \/>Luxembourg<br \/><br \/>Phone: +352 203 310 94<br \/>E-mail: careers@dexter-international.com<br \/><br \/><\/p><h2>Sales tax:<\/h2><p>VAT identification number:<br \/>LU 31996813<\/p>\t\t\t\t\t\t\t\t<\/div>\n\t\t\t\t<\/div>\n\t\t\t\t\t<\/div>\n\t\t<\/div>\n\t\t\t\t\t<\/div>\n\t\t<\/section>\n\t\t\t\t<\/div>","protected":false},"excerpt":{"rendered":"<p>Impressum Angaben gem\u00e4\u00df \u00a7 5 TMG Dexter International GmbHColmarer Stra\u00dfe 560528 Frankfurt Handelsregister: HRB 104751Registergericht: Frankfurt am Main Vertreten durch:Sanam Motiee Kontakt Telefon: +49 69 80884011E-Mail: careers@dexter-international.com Umsatzsteuer-ID Umsatzsteuer-Identifikationsnummer gem\u00e4\u00df \u00a7 27 a Umsatzsteuergesetz:DE 292730470 EU-Streitschlichtung Die Europ\u00e4ische Kommission stellt eine Plattform zur Online-Streitbeilegung (OS) bereit: https:\/\/ec.europa.eu\/consumers\/odr\/.Unsere E-Mail-Adresse finden Sie oben im Impressum. Verbraucher\u00adstreit\u00adbeilegung\/Universal\u00adschlichtungs\u00adstelle Wir [&hellip;]<\/p>","protected":false},"author":1,"featured_media":0,"parent":0,"menu_order":0,"comment_status":"closed","ping_status":"closed","template":"","meta":{"footnotes":""},"class_list":["post-5601","page","type-page","status-publish","hentry"],"yoast_head":"<!-- This site is optimized with the Yoast SEO plugin v22.6 - https:\/\/yoast.com\/wordpress\/plugins\/seo\/ -->\n<title>Impressum - Headhunter Luxemburg Arbeitsvermittlung - Dexter-International Headhunting: Qualit\u00e4t und Erfahrung<\/title>\n<meta name=\"description\" content=\"Dexter-International ist Ihr spezialisierter Headhunter f\u00fcr Finanzinstitute in Frankfurt. Wir finden und vermitteln Top-Talente im Finanzwesen, um Ihr Unternehmen zu st\u00e4rken und Ihren Erfolg zu maximieren.\" \/>\n<meta name=\"robots\" content=\"index, follow, max-snippet:-1, max-image-preview:large, max-video-preview:-1\" \/>\n<link rel=\"canonical\" href=\"https:\/\/dexter-international.com\/en\/impressum\/\" \/>\n<meta property=\"og:locale\" content=\"en_GB\" \/>\n<meta property=\"og:type\" content=\"article\" \/>\n<meta property=\"og:title\" content=\"Impressum - Headhunter Luxemburg Arbeitsvermittlung - Dexter-International Headhunting: Qualit\u00e4t und Erfahrung\" \/>\n<meta property=\"og:description\" content=\"Dexter-International ist Ihr spezialisierter Headhunter f\u00fcr Finanzinstitute in Frankfurt. Wir finden und vermitteln Top-Talente im Finanzwesen, um Ihr Unternehmen zu st\u00e4rken und Ihren Erfolg zu maximieren.\" \/>\n<meta property=\"og:url\" content=\"https:\/\/dexter-international.com\/en\/impressum\/\" \/>\n<meta property=\"og:site_name\" content=\"Headhunter Luxemburg Arbeitsvermittlung - Dexter-International Headhunting: Qualit\u00e4t und Erfahrung\" \/>\n<meta property=\"article:modified_time\" content=\"2023-09-04T11:04:27+00:00\" \/>\n<meta property=\"og:image\" content=\"https:\/\/dexter-international.com\/wp-content\/uploads\/2023\/07\/Dexter-International_Desktop-Hintergrund_3-1.png\" \/>\n\t<meta property=\"og:image:width\" content=\"1920\" \/>\n\t<meta property=\"og:image:height\" content=\"1080\" \/>\n\t<meta property=\"og:image:type\" content=\"image\/png\" \/>\n<meta name=\"twitter:card\" content=\"summary_large_image\" \/>\n<script type=\"application\/ld+json\" class=\"yoast-schema-graph\">{\"@context\":\"https:\/\/schema.org\",\"@graph\":[{\"@type\":\"WebPage\",\"@id\":\"https:\/\/dexter-international.com\/impressum\/\",\"url\":\"https:\/\/dexter-international.com\/impressum\/\",\"name\":\"Impressum - Headhunter Luxemburg Arbeitsvermittlung - Dexter-International Headhunting: Qualit\u00e4t und Erfahrung\",\"isPartOf\":{\"@id\":\"https:\/\/dexter-international.com\/#website\"},\"datePublished\":\"2023-09-02T08:40:24+00:00\",\"dateModified\":\"2023-09-04T11:04:27+00:00\",\"description\":\"Dexter-International ist Ihr spezialisierter Headhunter f\u00fcr Finanzinstitute in Frankfurt. Wir finden und vermitteln Top-Talente im Finanzwesen, um Ihr Unternehmen zu st\u00e4rken und Ihren Erfolg zu maximieren.\",\"breadcrumb\":{\"@id\":\"https:\/\/dexter-international.com\/impressum\/#breadcrumb\"},\"inLanguage\":\"en-GB\",\"potentialAction\":[{\"@type\":\"ReadAction\",\"target\":[\"https:\/\/dexter-international.com\/impressum\/\"]}]},{\"@type\":\"BreadcrumbList\",\"@id\":\"https:\/\/dexter-international.com\/impressum\/#breadcrumb\",\"itemListElement\":[{\"@type\":\"ListItem\",\"position\":1,\"name\":\"Home\",\"item\":\"https:\/\/dexter-international.com\/\"},{\"@type\":\"ListItem\",\"position\":2,\"name\":\"Impressum\"}]},{\"@type\":\"WebSite\",\"@id\":\"https:\/\/dexter-international.com\/#website\",\"url\":\"https:\/\/dexter-international.com\/\",\"name\":\"Dexter International - Ihr Marktf\u00fchrer in Luxembourg\",\"description\":\"\",\"publisher\":{\"@id\":\"https:\/\/dexter-international.com\/#organization\"},\"potentialAction\":[{\"@type\":\"SearchAction\",\"target\":{\"@type\":\"EntryPoint\",\"urlTemplate\":\"https:\/\/dexter-international.com\/?s={search_term_string}\"},\"query-input\":\"required name=search_term_string\"}],\"inLanguage\":\"en-GB\"},{\"@type\":\"Organization\",\"@id\":\"https:\/\/dexter-international.com\/#organization\",\"name\":\"Dexter International - Ihr Marktf\u00fchrer in Luxembourg\",\"url\":\"https:\/\/dexter-international.com\/\",\"logo\":{\"@type\":\"ImageObject\",\"inLanguage\":\"en-GB\",\"@id\":\"https:\/\/dexter-international.com\/#\/schema\/logo\/image\/\",\"url\":\"https:\/\/dexter-international.com\/wp-content\/uploads\/2023\/07\/logo-1.png\",\"contentUrl\":\"https:\/\/dexter-international.com\/wp-content\/uploads\/2023\/07\/logo-1.png\",\"width\":538,\"height\":128,\"caption\":\"Dexter International - Ihr Marktf\u00fchrer in Luxembourg\"},\"image\":{\"@id\":\"https:\/\/dexter-international.com\/#\/schema\/logo\/image\/\"},\"sameAs\":[\"https:\/\/www.linkedin.com\/company\/dexter-international-s--r-l\/\",\"https:\/\/www.xing.com\/pages\/dexterinternationalgmbh\",\"https:\/\/www.instagram.com\/dexter.international\/\"]}]}<\/script>\n<!-- \/ Yoast SEO plugin. -->","yoast_head_json":{"title":"Impressum - Headhunter Luxemburg Arbeitsvermittlung - Dexter-International Headhunting: Qualit\u00e4t und Erfahrung","description":"Dexter-International ist Ihr spezialisierter Headhunter f\u00fcr Finanzinstitute in Frankfurt. Wir finden und vermitteln Top-Talente im Finanzwesen, um Ihr Unternehmen zu st\u00e4rken und Ihren Erfolg zu maximieren.","robots":{"index":"index","follow":"follow","max-snippet":"max-snippet:-1","max-image-preview":"max-image-preview:large","max-video-preview":"max-video-preview:-1"},"canonical":"https:\/\/dexter-international.com\/en\/impressum\/","og_locale":"en_GB","og_type":"article","og_title":"Impressum - Headhunter Luxemburg Arbeitsvermittlung - Dexter-International Headhunting: Qualit\u00e4t und Erfahrung","og_description":"Dexter-International ist Ihr spezialisierter Headhunter f\u00fcr Finanzinstitute in Frankfurt. Wir finden und vermitteln Top-Talente im Finanzwesen, um Ihr Unternehmen zu st\u00e4rken und Ihren Erfolg zu maximieren.","og_url":"https:\/\/dexter-international.com\/en\/impressum\/","og_site_name":"Headhunter Luxemburg Arbeitsvermittlung - Dexter-International Headhunting: Qualit\u00e4t und Erfahrung","article_modified_time":"2023-09-04T11:04:27+00:00","og_image":[{"width":1920,"height":1080,"url":"https:\/\/dexter-international.com\/wp-content\/uploads\/2023\/07\/Dexter-International_Desktop-Hintergrund_3-1.png","type":"image\/png"}],"twitter_card":"summary_large_image","schema":{"@context":"https:\/\/schema.org","@graph":[{"@type":"WebPage","@id":"https:\/\/dexter-international.com\/impressum\/","url":"https:\/\/dexter-international.com\/impressum\/","name":"Impressum - Headhunter Luxemburg Arbeitsvermittlung - Dexter-International Headhunting: Qualit\u00e4t und Erfahrung","isPartOf":{"@id":"https:\/\/dexter-international.com\/#website"},"datePublished":"2023-09-02T08:40:24+00:00","dateModified":"2023-09-04T11:04:27+00:00","description":"Dexter-International ist Ihr spezialisierter Headhunter f\u00fcr Finanzinstitute in Frankfurt. Wir finden und vermitteln Top-Talente im Finanzwesen, um Ihr Unternehmen zu st\u00e4rken und Ihren Erfolg zu maximieren.","breadcrumb":{"@id":"https:\/\/dexter-international.com\/impressum\/#breadcrumb"},"inLanguage":"en-GB","potentialAction":[{"@type":"ReadAction","target":["https:\/\/dexter-international.com\/impressum\/"]}]},{"@type":"BreadcrumbList","@id":"https:\/\/dexter-international.com\/impressum\/#breadcrumb","itemListElement":[{"@type":"ListItem","position":1,"name":"Home","item":"https:\/\/dexter-international.com\/"},{"@type":"ListItem","position":2,"name":"Impressum"}]},{"@type":"WebSite","@id":"https:\/\/dexter-international.com\/#website","url":"https:\/\/dexter-international.com\/","name":"Dexter International - Ihr Marktf\u00fchrer in Luxembourg","description":"","publisher":{"@id":"https:\/\/dexter-international.com\/#organization"},"potentialAction":[{"@type":"SearchAction","target":{"@type":"EntryPoint","urlTemplate":"https:\/\/dexter-international.com\/?s={search_term_string}"},"query-input":"required name=search_term_string"}],"inLanguage":"en-GB"},{"@type":"Organization","@id":"https:\/\/dexter-international.com\/#organization","name":"Dexter International - Ihr Marktf\u00fchrer in Luxembourg","url":"https:\/\/dexter-international.com\/","logo":{"@type":"ImageObject","inLanguage":"en-GB","@id":"https:\/\/dexter-international.com\/#\/schema\/logo\/image\/","url":"https:\/\/dexter-international.com\/wp-content\/uploads\/2023\/07\/logo-1.png","contentUrl":"https:\/\/dexter-international.com\/wp-content\/uploads\/2023\/07\/logo-1.png","width":538,"height":128,"caption":"Dexter International - Ihr Marktf\u00fchrer in Luxembourg"},"image":{"@id":"https:\/\/dexter-international.com\/#\/schema\/logo\/image\/"},"sameAs":["https:\/\/www.linkedin.com\/company\/dexter-international-s--r-l\/","https:\/\/www.xing.com\/pages\/dexterinternationalgmbh","https:\/\/www.instagram.com\/dexter.international\/"]}]}},"_links":{"self":[{"href":"https:\/\/dexter-international.com\/en\/wp-json\/wp\/v2\/pages\/5601","targetHints":{"allow":["GET"]}}],"collection":[{"href":"https:\/\/dexter-international.com\/en\/wp-json\/wp\/v2\/pages"}],"about":[{"href":"https:\/\/dexter-international.com\/en\/wp-json\/wp\/v2\/types\/page"}],"author":[{"embeddable":true,"href":"https:\/\/dexter-international.com\/en\/wp-json\/wp\/v2\/users\/1"}],"replies":[{"embeddable":true,"href":"https:\/\/dexter-international.com\/en\/wp-json\/wp\/v2\/comments?post=5601"}],"version-history":[{"count":31,"href":"https:\/\/dexter-international.com\/en\/wp-json\/wp\/v2\/pages\/5601\/revisions"}],"predecessor-version":[{"id":5756,"href":"https:\/\/dexter-international.com\/en\/wp-json\/wp\/v2\/pages\/5601\/revisions\/5756"}],"wp:attachment":[{"href":"https:\/\/dexter-international.com\/en\/wp-json\/wp\/v2\/media?parent=5601"}],"curies":[{"name":"wp","href":"https:\/\/api.w.org\/{rel}","templated":true}]}}